{"id":1177,"date":"2023-04-02T17:07:01","date_gmt":"2023-04-02T15:07:01","guid":{"rendered":"http:\/\/kemai.ddev.site\/?page_id=78"},"modified":"2023-12-16T17:28:01","modified_gmt":"2023-12-16T16:28:01","slug":"ueber-mich","status":"publish","type":"page","link":"https:\/\/www.kemai.de\/de\/ueber-mich\/","title":{"rendered":"\u00dcber mich"},"content":{"rendered":"\n<div class=\"wp-block-columns is-layout-flex wp-container-core-columns-is-layout-28f84493 wp-block-columns-is-layout-flex\">\n<div class=\"wp-block-column is-layout-flow wp-block-column-is-layout-flow\" style=\"flex-basis:50vw\">\n<div class=\"wp-block-group has-global-padding is-layout-constrained wp-block-group-is-layout-constrained\">\n<figure class=\"wp-block-image size-large\"><img loading=\"lazy\" decoding=\"async\" width=\"1600\" height=\"1065\" src=\"https:\/\/kemai.de\/de\/wp-content\/uploads\/sites\/2\/2023\/11\/meandtheorangesweater-5-1600x1065.jpg\" alt=\"Kerstin on the rocks\" class=\"wp-image-1204\" srcset=\"https:\/\/www.kemai.de\/de\/wp-content\/uploads\/sites\/2\/2023\/11\/meandtheorangesweater-5-1600x1065.jpg 1600w, https:\/\/www.kemai.de\/de\/wp-content\/uploads\/sites\/2\/2023\/11\/meandtheorangesweater-5-800x533.jpg 800w, https:\/\/www.kemai.de\/de\/wp-content\/uploads\/sites\/2\/2023\/11\/meandtheorangesweater-5-400x266.jpg 400w, https:\/\/www.kemai.de\/de\/wp-content\/uploads\/sites\/2\/2023\/11\/meandtheorangesweater-5-768x511.jpg 768w, https:\/\/www.kemai.de\/de\/wp-content\/uploads\/sites\/2\/2023\/11\/meandtheorangesweater-5-1536x1023.jpg 1536w, https:\/\/www.kemai.de\/de\/wp-content\/uploads\/sites\/2\/2023\/11\/meandtheorangesweater-5-2048x1364.jpg 2048w\" sizes=\"auto, (max-width: 1600px) 100vw, 1600px\" \/><\/figure>\n\n\n\n<p>Wer ist diese Frau auf dem Fels?\u00a0Das ist gar nicht so leicht zu beantworten, denn man entwickelt sich ja st\u00e4ndig weiter, idealerweise. Und doch kristallisieren sich irgendwann Konstanten heraus. Diese sind bei mir ganz klar das Einfache und nicht zu Komplizierte. Was mich zu schnell stresst, ist mir zuwider. Ich bin gerne drau\u00dfen, und ich bin gern alleine unterwegs. So kann ich immer machen, was ich will, kann meinen Plan immer \u00fcber den Haufen werfen, muss auf niemanden R\u00fccksicht nehmen. Diese Freiheit ist wichtig f\u00fcr mich. So etwas findet man \u00fcber die Jahre heraus, und akzeptiert es irgendwann. Ich bin aber anderseits auch unheimlich gerne mit Menschen zusammen, f\u00fchre Gespr\u00e4che und tausche mich aus, weil ich gerne Neues lerne und erfahre und ich es liebe, die Geschichten anderer zu h\u00f6ren, was sie bewegt und antreibt. Schon immer hat es mich interessiert, zu sehen, was jemand beruflich macht und mit was er oder sie sich sonst so besch\u00e4ftigt, und habe einige meiner Freunde bei ihrer Arbeit besucht, schon bevor ich fotografiert habe. Das Beobachten ihrer T\u00e4tigkeit, und mit welcher Leidenschaft sie dieser nachgehen, fand ich schon immer bereichernd.\u00a0Wenn jemand f\u00fcr etwas brennt, ist das sehr anziehend f\u00fcr mich.<\/p>\n\n\n\n<p>Dadurch, dass ich irgendwann die Fotografie f\u00fcr mich entdeckt habe, kann ich nun festhalten, was mir begegnet und was ich sehe.<\/p>\n\n\n\n<figure class=\"wp-block-image aligncenter size-large\"><img loading=\"lazy\" decoding=\"async\" width=\"1600\" height=\"1065\" src=\"https:\/\/kemai.de\/de\/wp-content\/uploads\/sites\/2\/2018\/02\/kerstin-maier-photography-1600x1065.jpg\" alt=\"kerstin maier photography: kerstin\" class=\"wp-image-91\" srcset=\"https:\/\/www.kemai.de\/de\/wp-content\/uploads\/sites\/2\/2018\/02\/kerstin-maier-photography-1600x1065.jpg 1600w, https:\/\/www.kemai.de\/de\/wp-content\/uploads\/sites\/2\/2018\/02\/kerstin-maier-photography-800x533.jpg 800w, https:\/\/www.kemai.de\/de\/wp-content\/uploads\/sites\/2\/2018\/02\/kerstin-maier-photography-400x266.jpg 400w, https:\/\/www.kemai.de\/de\/wp-content\/uploads\/sites\/2\/2018\/02\/kerstin-maier-photography-768x511.jpg 768w, https:\/\/www.kemai.de\/de\/wp-content\/uploads\/sites\/2\/2018\/02\/kerstin-maier-photography-1536x1022.jpg 1536w, https:\/\/www.kemai.de\/de\/wp-content\/uploads\/sites\/2\/2018\/02\/kerstin-maier-photography-2048x1363.jpg 2048w\" sizes=\"auto, (max-width: 1600px) 100vw, 1600px\" \/><\/figure>\n\n\n\n<div style=\"height:1px\" aria-hidden=\"true\" class=\"wp-block-spacer\"><\/div>\n\n\n\n<hr class=\"wp-block-separator has-alpha-channel-opacity\"\/>\n\n\n\n<p>Wer noch mehr \u00fcber mich wissen will, hier noch ein bi\u00dfchen Prosa.<\/p>\n\n\n\n<p>\u2026ein Wiese. Hier findet ihr mich, wenn die Sonne untergeht. Wenn ich zuhause bin und es Abend wird, gehe ich oft nochmal raus, den H\u00fcgel hoch und schaue mir an wie das Licht sich ver\u00e4ndert. Jeden Tag sieht es anders aus, diese letzten Minuten des Tages sind so au\u00dfergew\u00f6hnlich sch\u00f6n.<\/p>\n\n\n\n<p>Ich liebe schlafen und tagtr\u00e4umen, und obwohl ich eher ein Nachtmensch bin, habe ich herausgefunden, dass ich auch Sonnenaufg\u00e4nge mag, also versuche ich ab und zu einen zu sehen. Lange Zeit hielt ich es f\u00fcr ein Problem, dass ich ein bi\u00dfchen anders bin, aber inzwischen finde ich es eher toll, liebe es und bin einfach nur ich. Ihr k\u00f6nnt mich immer mit einem guten Buch erwischen, ich liebe es drau\u00dfen zu lesen. Als Kind sa\u00df ich dazu tats\u00e4chlich oft in einem Baum. Wann immer es m\u00f6glich ist, gehe ich wandern oder breche mit meinem VW Caddy zu einem Camping Roadtrip auf&#8230;<\/p>\n\n\n\n<p>&#8230;was gro\u00dfartig ist, aber nach Hause kommen auch. Ich habe manchmal den Verdacht, dass ich nur losfahre und reise, um das wunderbare Gef\u00fchl des Heimkommens immer wieder zu sp\u00fcren. Dorthin wo meine Familie ist, wo mein Dialekt gesprochen wird, wo meine Wurzeln sind. Ich habe es schon immer geliebt, im Wald um die Ecke zu verschwinden. Sp\u00e4ter habe ich die Schw\u00e4bische Alb und Albtrauf  wieder entdeckt und neu sch\u00e4tzen gelernt. Was ist das f\u00fcr eine wundervolle Gegend!.<\/p>\n\n\n\n<p>Ich liebe es mich zu verlieben, in Menschen und in Dinge, Augenblicke und kleine Momente, ich liebe L\u00e4cheln und funkelnde Augen.<\/p>\n\n\n\n<p>Am wichtigsten sind mir die kleinen Dinge, von denen man so viel bekommen kann: eine kleine sch\u00f6ne Blume am Wegesrand, ein L\u00e4cheln von einem Fremden, der erste Schluck Kaffee am Morgen, eine Wolke am Himmel, die perfekten Farben, Liedtexte, die einen richtig ber\u00fchren, dieser altbekannte H\u00fcgel, den man jeden Tag auf dem Weg zur Arbeit sieht, der aber immer anders aussieht.<\/p>\n\n\n\n<p><strong>Jeder Tag hat so viel zu bieten, ob es nun ganz klein oder etwas gr\u00f6\u00dfer ist. Egal was es ist, es wird dich durch den Tag tragen, mit einem wundervollen Gef\u00fchl im Herzen.<\/strong><\/p>\n\n\n\n<p>Egal bei welchem Projekt, wenn man mit einer Liebe f\u00fcr diese Dinge und einer Leidenschaft f\u00fcr sein Tun an die Sache herangeht, wird etwas Gutes entstehen. Dabei macht man noch eine gute Erfahrung und hat das befriedigende Gef\u00fchl, etwas Sch\u00f6nes erlebt zu haben, und das erdet einen ungemein.<\/p>\n\n\n\n<p>Ok, nun wisst ihr ein bi\u00dfchen mehr \u00fcber mich, und wie wir die Fotos und Filme machen werden, die genau richtig f\u00fcr euch sind. Ihr wollt jetzt noch mehr wissen? Gut, dann lasst uns \u00fcber euch sprechen!<\/p>\n\n\n\n<p>Was kann ich <a href=\"https:\/\/kemai.de\/de\/kontakt\/\" data-type=\"page\" data-id=\"1181\">f\u00fcr euch tun<\/a>?&nbsp;<\/p>\n\n\n\n<figure class=\"wp-block-image size-large\"><img loading=\"lazy\" decoding=\"async\" width=\"1068\" height=\"1600\" src=\"https:\/\/kemai.de\/de\/wp-content\/uploads\/sites\/2\/2023\/11\/gartenmai-1068x1600.jpg\" alt=\"Kerstin\" class=\"wp-image-2131\" srcset=\"https:\/\/www.kemai.de\/de\/wp-content\/uploads\/sites\/2\/2023\/11\/gartenmai-1068x1600.jpg 1068w, https:\/\/www.kemai.de\/de\/wp-content\/uploads\/sites\/2\/2023\/11\/gartenmai-534x800.jpg 534w, https:\/\/www.kemai.de\/de\/wp-content\/uploads\/sites\/2\/2023\/11\/gartenmai-267x400.jpg 267w, https:\/\/www.kemai.de\/de\/wp-content\/uploads\/sites\/2\/2023\/11\/gartenmai-768x1151.jpg 768w, https:\/\/www.kemai.de\/de\/wp-content\/uploads\/sites\/2\/2023\/11\/gartenmai-1025x1536.jpg 1025w, https:\/\/www.kemai.de\/de\/wp-content\/uploads\/sites\/2\/2023\/11\/gartenmai-1367x2048.jpg 1367w, https:\/\/www.kemai.de\/de\/wp-content\/uploads\/sites\/2\/2023\/11\/gartenmai-scaled.jpg 1869w\" sizes=\"auto, (max-width: 1068px) 100vw, 1068px\" \/><\/figure>\n\n\n\n<div style=\"height:16px\" aria-hidden=\"true\" class=\"wp-block-spacer\"><\/div>\n\n\n\n<figure class=\"wp-block-image aligncenter size-full is-resized\"><img loading=\"lazy\" decoding=\"async\" width=\"862\" height=\"582\" src=\"https:\/\/kemai.de\/de\/wp-content\/uploads\/sites\/2\/2023\/12\/kerstin-logo.png\" alt=\"Kerstin Maier Fotografie\" class=\"wp-image-2333\" style=\"width:80px\" srcset=\"https:\/\/www.kemai.de\/de\/wp-content\/uploads\/sites\/2\/2023\/12\/kerstin-logo.png 862w, https:\/\/www.kemai.de\/de\/wp-content\/uploads\/sites\/2\/2023\/12\/kerstin-logo-800x540.png 800w, https:\/\/www.kemai.de\/de\/wp-content\/uploads\/sites\/2\/2023\/12\/kerstin-logo-400x270.png 400w, https:\/\/www.kemai.de\/de\/wp-content\/uploads\/sites\/2\/2023\/12\/kerstin-logo-768x519.png 768w\" sizes=\"auto, (max-width: 862px) 100vw, 862px\" \/><\/figure>\n<\/div>\n<\/div>\n<\/div>\n","protected":false},"excerpt":{"rendered":"<p>Wer ist diese Frau auf dem Fels?\u00a0Das ist gar nicht so leicht zu beantworten, denn man entwickelt sich ja st\u00e4ndig weiter, idealerweise. Und doch kristallisieren sich irgendwann Konstanten heraus. Diese sind bei mir ganz klar das Einfache und nicht zu Komplizierte. Was mich zu schnell stresst, ist mir zuwider. Ich bin gerne drau\u00dfen, und ich [&hellip;]<\/p>\n","protected":false},"author":1,"featured_media":0,"parent":0,"menu_order":0,"comment_status":"closed","ping_status":"closed","template":"wp-custom-template-seite-galerie","meta":{"footnotes":""},"categories":[],"tags":[],"class_list":["post-1177","page","type-page","status-publish","hentry"],"_links":{"self":[{"href":"https:\/\/www.kemai.de\/de\/wp-json\/wp\/v2\/pages\/1177","targetHints":{"allow":["GET"]}}],"collection":[{"href":"https:\/\/www.kemai.de\/de\/wp-json\/wp\/v2\/pages"}],"about":[{"href":"https:\/\/www.kemai.de\/de\/wp-json\/wp\/v2\/types\/page"}],"author":[{"embeddable":true,"href":"https:\/\/www.kemai.de\/de\/wp-json\/wp\/v2\/users\/1"}],"replies":[{"embeddable":true,"href":"https:\/\/www.kemai.de\/de\/wp-json\/wp\/v2\/comments?post=1177"}],"version-history":[{"count":31,"href":"https:\/\/www.kemai.de\/de\/wp-json\/wp\/v2\/pages\/1177\/revisions"}],"predecessor-version":[{"id":2466,"href":"https:\/\/www.kemai.de\/de\/wp-json\/wp\/v2\/pages\/1177\/revisions\/2466"}],"wp:attachment":[{"href":"https:\/\/www.kemai.de\/de\/wp-json\/wp\/v2\/media?parent=1177"}],"wp:term":[{"taxonomy":"category","embeddable":true,"href":"https:\/\/www.kemai.de\/de\/wp-json\/wp\/v2\/categories?post=1177"},{"taxonomy":"post_tag","embeddable":true,"href":"https:\/\/www.kemai.de\/de\/wp-json\/wp\/v2\/tags?post=1177"}],"curies":[{"name":"wp","href":"https:\/\/api.w.org\/{rel}","templated":true}]}}