{"id":1179,"date":"2023-04-02T17:07:27","date_gmt":"2023-04-02T15:07:27","guid":{"rendered":"http:\/\/kemai.ddev.site\/?page_id=82"},"modified":"2023-12-11T22:34:09","modified_gmt":"2023-12-11T21:34:09","slug":"draussen","status":"publish","type":"page","link":"https:\/\/www.kemai.de\/de\/draussen\/","title":{"rendered":"Drau\u00dfen: kerstin gets lost."},"content":{"rendered":"\n<div class=\"wp-block-columns is-layout-flex wp-container-core-columns-is-layout-28f84493 wp-block-columns-is-layout-flex\">\n<div class=\"wp-block-column is-layout-flow wp-block-column-is-layout-flow\" style=\"flex-basis:50vw\">\n<div class=\"wp-block-group has-global-padding is-layout-constrained wp-block-group-is-layout-constrained\">\n<p>Kleine Abenteuer lauern \u00fcberall. Ich kann immer gar nicht abwarten, mich in ihnen zu verlieren. Aber: das Heimkommen ist auch toll!<\/p>\n\n\n\n<p>F\u00fcr mehr Bilder und Aktuelles folgt mir gerne auf Instagram unter <a href=\"https:\/\/www.instagram.com\/kerstingetslost\" target=\"_blank\" rel=\"noreferrer noopener\">kerstingetslost<\/a>.<\/p>\n<\/div>\n<\/div>\n<\/div>\n\n\n\n<div style=\"height:1rem\" aria-hidden=\"true\" class=\"wp-block-spacer\"><\/div>\n\n\n\n<div class=\"wp-block-query is-layout-flow wp-block-query-is-layout-flow\"><ul class=\"columns-2 wp-block-post-template is-layout-grid wp-container-core-post-template-is-layout-02493678 wp-block-post-template-is-layout-grid\"><li class=\"wp-block-post post-2077 page type-page status-publish has-post-thumbnail hentry category-persoenlich tag-herbst tag-roadtrip tag-schweiz\">\n<h2 style=\"margin-bottom:0px;margin-top:0px;\" class=\"wp-block-post-title has-small-font-size\">Im Engadin<\/h2>\n\n<div style=\"padding-top:0;padding-bottom:0;\" class=\"wp-block-post-date has-montserrat-font-family\"><time datetime=\"2023-11-22T21:37:56+01:00\">November 2023<\/time><\/div>\n\n<figure class=\"wp-block-post-featured-image\"><a href=\"https:\/\/www.kemai.de\/de\/draussen\/im-engadin\/\" target=\"_self\"  ><img loading=\"lazy\" decoding=\"async\" width=\"2095\" height=\"1400\" src=\"https:\/\/www.kemai.de\/de\/wp-content\/uploads\/sites\/2\/2023\/11\/engadinerseen-0020-scaled-e1700685694544.jpg\" class=\"attachment-post-thumbnail size-post-thumbnail wp-post-image\" alt=\"Im Engadin\" style=\"object-fit:cover;\" srcset=\"https:\/\/www.kemai.de\/de\/wp-content\/uploads\/sites\/2\/2023\/11\/engadinerseen-0020-scaled-e1700685694544.jpg 2095w, https:\/\/www.kemai.de\/de\/wp-content\/uploads\/sites\/2\/2023\/11\/engadinerseen-0020-scaled-e1700685694544-800x535.jpg 800w, https:\/\/www.kemai.de\/de\/wp-content\/uploads\/sites\/2\/2023\/11\/engadinerseen-0020-scaled-e1700685694544-1600x1069.jpg 1600w, https:\/\/www.kemai.de\/de\/wp-content\/uploads\/sites\/2\/2023\/11\/engadinerseen-0020-scaled-e1700685694544-400x267.jpg 400w, https:\/\/www.kemai.de\/de\/wp-content\/uploads\/sites\/2\/2023\/11\/engadinerseen-0020-scaled-e1700685694544-768x513.jpg 768w, https:\/\/www.kemai.de\/de\/wp-content\/uploads\/sites\/2\/2023\/11\/engadinerseen-0020-scaled-e1700685694544-1536x1026.jpg 1536w, https:\/\/www.kemai.de\/de\/wp-content\/uploads\/sites\/2\/2023\/11\/engadinerseen-0020-scaled-e1700685694544-2048x1369.jpg 2048w\" sizes=\"auto, (max-width: 2095px) 100vw, 2095px\" \/><\/a><\/figure>\n\n<div class=\"wp-block-post-excerpt\"><p class=\"wp-block-post-excerpt__excerpt\">Der Oktober ist perfekt f\u00fcr eine Reise ins Engadin in der Schweiz, vor allem wenn die F\u00e4rbung der L\u00e4rchen eingesetzt hat. In diesem Jahr, 2023, war es nicht ganz perfekt, aber die Reise hat&hellip; <\/p><\/div>\n\n<a style=\"margin-bottom:1rem;\" class=\"wp-block-read-more\" href=\"https:\/\/www.kemai.de\/de\/draussen\/im-engadin\/\" target=\"_self\">Mehr<span class=\"screen-reader-text\">: Im Engadin<\/span><\/a>\n<\/li><li class=\"wp-block-post post-2082 page type-page status-publish has-post-thumbnail hentry category-persoenlich tag-england tag-northumberland tag-roadtrip\">\n<h2 style=\"margin-bottom:0px;margin-top:0px;\" class=\"wp-block-post-title has-small-font-size\">Northumberland 250 \/\/ Teil 1<\/h2>\n\n<div style=\"padding-top:0;padding-bottom:0;\" class=\"wp-block-post-date has-montserrat-font-family\"><time datetime=\"2023-09-22T22:15:00+02:00\">September 2023<\/time><\/div>\n\n<figure class=\"wp-block-post-featured-image\"><a href=\"https:\/\/www.kemai.de\/de\/draussen\/in-northumberland-teil1\/\" target=\"_self\"  ><img loading=\"lazy\" decoding=\"async\" width=\"2100\" height=\"1400\" src=\"https:\/\/www.kemai.de\/de\/wp-content\/uploads\/sites\/2\/2023\/11\/featherstonecastle-scaled-e1700687437588.jpg\" class=\"attachment-post-thumbnail size-post-thumbnail wp-post-image\" alt=\"Northumberland 250 \/\/ Teil 1\" style=\"object-fit:cover;\" srcset=\"https:\/\/www.kemai.de\/de\/wp-content\/uploads\/sites\/2\/2023\/11\/featherstonecastle-scaled-e1700687437588.jpg 2100w, https:\/\/www.kemai.de\/de\/wp-content\/uploads\/sites\/2\/2023\/11\/featherstonecastle-scaled-e1700687437588-800x533.jpg 800w, https:\/\/www.kemai.de\/de\/wp-content\/uploads\/sites\/2\/2023\/11\/featherstonecastle-scaled-e1700687437588-1600x1067.jpg 1600w, https:\/\/www.kemai.de\/de\/wp-content\/uploads\/sites\/2\/2023\/11\/featherstonecastle-scaled-e1700687437588-400x267.jpg 400w, https:\/\/www.kemai.de\/de\/wp-content\/uploads\/sites\/2\/2023\/11\/featherstonecastle-scaled-e1700687437588-768x512.jpg 768w, https:\/\/www.kemai.de\/de\/wp-content\/uploads\/sites\/2\/2023\/11\/featherstonecastle-scaled-e1700687437588-1536x1024.jpg 1536w, https:\/\/www.kemai.de\/de\/wp-content\/uploads\/sites\/2\/2023\/11\/featherstonecastle-scaled-e1700687437588-2048x1365.jpg 2048w\" sizes=\"auto, (max-width: 2100px) 100vw, 2100px\" \/><\/a><\/figure>\n\n<div class=\"wp-block-post-excerpt\"><p class=\"wp-block-post-excerpt__excerpt\">Das nord-\u00f6stlichste County in England, und auch das fl\u00e4chenm\u00e4\u00dfig gr\u00f6\u00dfte. Endlich konnte ich dieses Jahr dieses Fleckchen Erde besuchen, und es war noch besser als ich es mir vorgestellt hatte. Das Wetter war auf&hellip; <\/p><\/div>\n\n<a style=\"margin-bottom:1rem;\" class=\"wp-block-read-more\" href=\"https:\/\/www.kemai.de\/de\/draussen\/in-northumberland-teil1\/\" target=\"_self\">Mehr<span class=\"screen-reader-text\">: Northumberland 250 \/\/ Teil 1<\/span><\/a>\n<\/li><li class=\"wp-block-post post-1581 page type-page status-publish has-post-thumbnail hentry category-persoenlich tag-wales tag-wild-camping\">\n<h2 style=\"margin-bottom:0px;margin-top:0px;\" class=\"wp-block-post-title has-small-font-size\">Wild Camping in Nord-Wales<\/h2>\n\n<div style=\"padding-top:0;padding-bottom:0;\" class=\"wp-block-post-date has-montserrat-font-family\"><time datetime=\"2023-09-02T22:50:00+02:00\">September 2023<\/time><\/div>\n\n<figure class=\"wp-block-post-featured-image\"><a href=\"https:\/\/www.kemai.de\/de\/draussen\/wild-camping-in-nord-wales\/\" target=\"_self\"  ><img loading=\"lazy\" decoding=\"async\" width=\"2003\" height=\"1333\" src=\"https:\/\/www.kemai.de\/de\/wp-content\/uploads\/sites\/2\/2023\/11\/DSC_7637.jpg\" class=\"attachment-post-thumbnail size-post-thumbnail wp-post-image\" alt=\"Wild Camping in Nord-Wales\" style=\"object-fit:cover;\" srcset=\"https:\/\/www.kemai.de\/de\/wp-content\/uploads\/sites\/2\/2023\/11\/DSC_7637.jpg 2003w, https:\/\/www.kemai.de\/de\/wp-content\/uploads\/sites\/2\/2023\/11\/DSC_7637-800x532.jpg 800w, https:\/\/www.kemai.de\/de\/wp-content\/uploads\/sites\/2\/2023\/11\/DSC_7637-1600x1065.jpg 1600w, https:\/\/www.kemai.de\/de\/wp-content\/uploads\/sites\/2\/2023\/11\/DSC_7637-400x266.jpg 400w, https:\/\/www.kemai.de\/de\/wp-content\/uploads\/sites\/2\/2023\/11\/DSC_7637-768x511.jpg 768w, https:\/\/www.kemai.de\/de\/wp-content\/uploads\/sites\/2\/2023\/11\/DSC_7637-1536x1022.jpg 1536w\" sizes=\"auto, (max-width: 2003px) 100vw, 2003px\" \/><\/a><\/figure>\n\n<div class=\"wp-block-post-excerpt\"><p class=\"wp-block-post-excerpt__excerpt\">Meine Freundin Lauren wohnt in Nord-Wales, am Rand des Snowdonia National Parks, und wenn ich sie besuche, gehen wir \u00f6fters in der Gegend wandern. Seit ein paar Jahren gehen wir auch wild campen, ich&hellip; <\/p><\/div>\n\n<a style=\"margin-bottom:1rem;\" class=\"wp-block-read-more\" href=\"https:\/\/www.kemai.de\/de\/draussen\/wild-camping-in-nord-wales\/\" target=\"_self\">Mehr<span class=\"screen-reader-text\">: Wild Camping in Nord-Wales<\/span><\/a>\n<\/li><\/ul>\n\n\n\n<\/div>\n","protected":false},"excerpt":{"rendered":"<p>Kleine Abenteuer lauern \u00fcberall. Ich kann immer gar nicht abwarten, mich in ihnen zu verlieren. Aber: das Heimkommen ist auch toll! F\u00fcr mehr Bilder und Aktuelles folgt mir gerne auf Instagram unter kerstingetslost.<\/p>\n","protected":false},"author":1,"featured_media":0,"parent":0,"menu_order":0,"comment_status":"closed","ping_status":"closed","template":"wp-custom-template-seite-galerie","meta":{"footnotes":""},"categories":[],"tags":[],"class_list":["post-1179","page","type-page","status-publish","hentry"],"_links":{"self":[{"href":"https:\/\/www.kemai.de\/de\/wp-json\/wp\/v2\/pages\/1179","targetHints":{"allow":["GET"]}}],"collection":[{"href":"https:\/\/www.kemai.de\/de\/wp-json\/wp\/v2\/pages"}],"about":[{"href":"https:\/\/www.kemai.de\/de\/wp-json\/wp\/v2\/types\/page"}],"author":[{"embeddable":true,"href":"https:\/\/www.kemai.de\/de\/wp-json\/wp\/v2\/users\/1"}],"replies":[{"embeddable":true,"href":"https:\/\/www.kemai.de\/de\/wp-json\/wp\/v2\/comments?post=1179"}],"version-history":[{"count":28,"href":"https:\/\/www.kemai.de\/de\/wp-json\/wp\/v2\/pages\/1179\/revisions"}],"predecessor-version":[{"id":2345,"href":"https:\/\/www.kemai.de\/de\/wp-json\/wp\/v2\/pages\/1179\/revisions\/2345"}],"wp:attachment":[{"href":"https:\/\/www.kemai.de\/de\/wp-json\/wp\/v2\/media?parent=1179"}],"wp:term":[{"taxonomy":"category","embeddable":true,"href":"https:\/\/www.kemai.de\/de\/wp-json\/wp\/v2\/categories?post=1179"},{"taxonomy":"post_tag","embeddable":true,"href":"https:\/\/www.kemai.de\/de\/wp-json\/wp\/v2\/tags?post=1179"}],"curies":[{"name":"wp","href":"https:\/\/api.w.org\/{rel}","templated":true}]}}