{"id":2528,"date":"2024-01-03T16:20:08","date_gmt":"2024-01-03T15:20:08","guid":{"rendered":"https:\/\/www.kemai.de\/de\/?page_id=2528"},"modified":"2024-01-03T16:23:46","modified_gmt":"2024-01-03T15:23:46","slug":"vier-generationen-backen","status":"publish","type":"page","link":"https:\/\/www.kemai.de\/de\/portfolio\/vier-generationen-backen\/","title":{"rendered":"Vier Generationen backen"},"content":{"rendered":"\n<div class=\"wp-block-columns is-layout-flex wp-container-core-columns-is-layout-28f84493 wp-block-columns-is-layout-flex\">\n<div class=\"wp-block-column is-layout-flow wp-block-column-is-layout-flow\" style=\"flex-basis:50vw\">\n<div class=\"wp-block-group has-global-padding is-layout-constrained wp-block-group-is-layout-constrained\">\n<p>Wieder zur\u00fcck bei einer lieben Familie! Diesen Mal war die Idee, das allj\u00e4hrliche Backen vor Weihnachten festzuhalten. Das Besondere: es kommen immer vier Generationen zusammen, um die Dosen f\u00fcr Weihnachten mit leckeren Keksen zu f\u00fcllen. <\/p>\n\n\n\n<p>Ihr m\u00f6chtet auch so einen Film von euer Familie? Es muss gar keinen Anlass geben, auch euer allt\u00e4gliches Zusammensein ist es wert, festgehalten zu werden. Eure Kinder werden es wertsch\u00e4tzen! <a href=\"https:\/\/www.kemai.de\/de\/info#info3\" data-type=\"page\" data-id=\"1191\">Findet hier mehr Info dar\u00fcber<\/a> oder <a href=\"https:\/\/www.kemai.de\/de\/kontakt\/\" data-type=\"page\" data-id=\"1181\">meldet euch direkt bei mir<\/a>, wenn ihr euch daf\u00fcr interessiert.<\/p>\n<\/div>\n<\/div>\n<\/div>\n\n\n\n<div style=\"height:32px\" aria-hidden=\"true\" class=\"wp-block-spacer\"><\/div>\n\n\n\n<figure class=\"wp-block-embed is-type-video is-provider-youtube wp-block-embed-youtube wp-embed-aspect-16-9 wp-has-aspect-ratio\"><div class=\"wp-block-embed__wrapper\">\n<iframe loading=\"lazy\" title=\"Vier-Generationen-Backen\" width=\"500\" height=\"281\" src=\"https:\/\/www.youtube.com\/embed\/f6xdMAYylEc?feature=oembed\" frameborder=\"0\" allow=\"accelerometer; autoplay; clipboard-write; encrypted-media; gyroscope; picture-in-picture; web-share\" referrerpolicy=\"strict-origin-when-cross-origin\" allowfullscreen><\/iframe>\n<\/div><\/figure>\n","protected":false},"excerpt":{"rendered":"<p>Wieder zur\u00fcck bei einer lieben Familie! Diesen Mal war die Idee, das allj\u00e4hrliche Backen vor Weihnachten festzuhalten. Das Besondere: es kommen immer vier Generationen zusammen, um die Dosen f\u00fcr Weihnachten mit leckeren Keksen zu f\u00fcllen. Ihr m\u00f6chtet auch so einen Film von euer Familie? Es muss gar keinen Anlass geben, auch euer allt\u00e4gliches Zusammensein ist [&hellip;]<\/p>\n","protected":false},"author":1,"featured_media":2529,"parent":1178,"menu_order":0,"comment_status":"closed","ping_status":"closed","template":"wp-custom-template-seite-galerie","meta":{"footnotes":""},"categories":[49],"tags":[57],"class_list":["post-2528","page","type-page","status-publish","has-post-thumbnail","hentry","category-familie","tag-film"],"_links":{"self":[{"href":"https:\/\/www.kemai.de\/de\/wp-json\/wp\/v2\/pages\/2528","targetHints":{"allow":["GET"]}}],"collection":[{"href":"https:\/\/www.kemai.de\/de\/wp-json\/wp\/v2\/pages"}],"about":[{"href":"https:\/\/www.kemai.de\/de\/wp-json\/wp\/v2\/types\/page"}],"author":[{"embeddable":true,"href":"https:\/\/www.kemai.de\/de\/wp-json\/wp\/v2\/users\/1"}],"replies":[{"embeddable":true,"href":"https:\/\/www.kemai.de\/de\/wp-json\/wp\/v2\/comments?post=2528"}],"version-history":[{"count":4,"href":"https:\/\/www.kemai.de\/de\/wp-json\/wp\/v2\/pages\/2528\/revisions"}],"predecessor-version":[{"id":2534,"href":"https:\/\/www.kemai.de\/de\/wp-json\/wp\/v2\/pages\/2528\/revisions\/2534"}],"up":[{"embeddable":true,"href":"https:\/\/www.kemai.de\/de\/wp-json\/wp\/v2\/pages\/1178"}],"wp:featuredmedia":[{"embeddable":true,"href":"https:\/\/www.kemai.de\/de\/wp-json\/wp\/v2\/media\/2529"}],"wp:attachment":[{"href":"https:\/\/www.kemai.de\/de\/wp-json\/wp\/v2\/media?parent=2528"}],"wp:term":[{"taxonomy":"category","embeddable":true,"href":"https:\/\/www.kemai.de\/de\/wp-json\/wp\/v2\/categories?post=2528"},{"taxonomy":"post_tag","embeddable":true,"href":"https:\/\/www.kemai.de\/de\/wp-json\/wp\/v2\/tags?post=2528"}],"curies":[{"name":"wp","href":"https:\/\/api.w.org\/{rel}","templated":true}]}}