{"id":2557,"date":"2024-11-19T19:23:05","date_gmt":"2024-11-19T18:23:05","guid":{"rendered":"https:\/\/www.kemai.de\/de\/?page_id=2557"},"modified":"2024-11-19T19:26:10","modified_gmt":"2024-11-19T18:26:10","slug":"ray-on-tour","status":"publish","type":"page","link":"https:\/\/www.kemai.de\/de\/portfolio\/ray-on-tour\/","title":{"rendered":"On tour."},"content":{"rendered":"\n<div class=\"wp-block-columns is-layout-flex wp-container-core-columns-is-layout-28f84493 wp-block-columns-is-layout-flex\">\n<div class=\"wp-block-column is-layout-flow wp-block-column-is-layout-flow\" style=\"flex-basis:50vw\">\n<div class=\"wp-block-group has-global-padding is-layout-constrained wp-block-group-is-layout-constrained\">\n<p>\u00dcber die Jahre durfte ich den Musiker <a href=\"https:\/\/www.raycooper.org\">Ray Cooper<\/a> immer wieder fotografisch begleiten und Aufnahmen f\u00fcr ihn und seine Alben machen. Hier trafen wir uns direkt nach einem Gig auf den verregneten Stra\u00dfen von R\u00fcsselsheim und liefen einfach herum. Die Ergebnisse begeistern mich bis heute. Manchmal muss man einfach nur machen und schauen was dabei herauskommt. Ein kleiner Auszug.<\/p>\n<\/div>\n<\/div>\n<\/div>\n\n\n\n<div style=\"height:16px\" aria-hidden=\"true\" class=\"wp-block-spacer\"><\/div>\n\n\n\n<div class=\"wp-block-columns kgal is-layout-flex wp-container-core-columns-is-layout-394984f2 wp-block-columns-is-layout-flex\" style=\"margin-top:0px;margin-bottom:0px;padding-top:0;padding-right:0;padding-bottom:0;padding-left:0\">\n<div class=\"wp-block-column is-layout-flow wp-block-column-is-layout-flow\" style=\"padding-bottom:0rem;flex-basis:33%\">\n<div class=\"wp-block-cover has-custom-content-position is-position-bottom-center\" style=\"min-height:430px;aspect-ratio:unset;\"><span aria-hidden=\"true\" class=\"wp-block-cover__background has-background-dim-0 has-background-dim\" style=\"background-color:#2e2219\"><\/span><img loading=\"lazy\" decoding=\"async\" width=\"1065\" height=\"1600\" class=\"wp-block-cover__image-background wp-image-2558\" alt=\"Ray Cooper - auf der Stra\u00dfe mit Koffer\" src=\"https:\/\/www.kemai.de\/de\/wp-content\/uploads\/sites\/2\/2024\/11\/ray-cooper-ontheroad-01.jpg\" style=\"object-position:54% 94%\" data-object-fit=\"cover\" data-object-position=\"54% 94%\" srcset=\"https:\/\/www.kemai.de\/de\/wp-content\/uploads\/sites\/2\/2024\/11\/ray-cooper-ontheroad-01.jpg 1065w, https:\/\/www.kemai.de\/de\/wp-content\/uploads\/sites\/2\/2024\/11\/ray-cooper-ontheroad-01-533x800.jpg 533w, https:\/\/www.kemai.de\/de\/wp-content\/uploads\/sites\/2\/2024\/11\/ray-cooper-ontheroad-01-266x400.jpg 266w, https:\/\/www.kemai.de\/de\/wp-content\/uploads\/sites\/2\/2024\/11\/ray-cooper-ontheroad-01-768x1154.jpg 768w, https:\/\/www.kemai.de\/de\/wp-content\/uploads\/sites\/2\/2024\/11\/ray-cooper-ontheroad-01-1022x1536.jpg 1022w\" sizes=\"auto, (max-width: 1065px) 100vw, 1065px\" \/><div class=\"wp-block-cover__inner-container is-layout-flow wp-block-cover-is-layout-flow\">\n<p class=\"has-text-align-center has-large-font-size\"><\/p>\n<\/div><\/div>\n<\/div>\n\n\n\n<div class=\"wp-block-column is-layout-flow wp-block-column-is-layout-flow\" style=\"padding-bottom:0rem;flex-basis:33%\">\n<div class=\"wp-block-cover has-custom-content-position is-position-bottom-center\" style=\"min-height:430px;aspect-ratio:unset;\"><span aria-hidden=\"true\" class=\"wp-block-cover__background has-background-dim-0 has-background-dim\" style=\"background-color:#2a2d24\"><\/span><img loading=\"lazy\" decoding=\"async\" width=\"1065\" height=\"1600\" class=\"wp-block-cover__image-background wp-image-2560\" alt=\"Ray Cooper - auf der Stra\u00dfe mit gr\u00fcner Fu\u00dfg\u00e4nger Ampel\" src=\"https:\/\/www.kemai.de\/de\/wp-content\/uploads\/sites\/2\/2024\/11\/ray-cooper-ontheroad-03.jpg\" style=\"object-position:50% 92%\" data-object-fit=\"cover\" data-object-position=\"50% 92%\" srcset=\"https:\/\/www.kemai.de\/de\/wp-content\/uploads\/sites\/2\/2024\/11\/ray-cooper-ontheroad-03.jpg 1065w, https:\/\/www.kemai.de\/de\/wp-content\/uploads\/sites\/2\/2024\/11\/ray-cooper-ontheroad-03-533x800.jpg 533w, https:\/\/www.kemai.de\/de\/wp-content\/uploads\/sites\/2\/2024\/11\/ray-cooper-ontheroad-03-266x400.jpg 266w, https:\/\/www.kemai.de\/de\/wp-content\/uploads\/sites\/2\/2024\/11\/ray-cooper-ontheroad-03-768x1154.jpg 768w, https:\/\/www.kemai.de\/de\/wp-content\/uploads\/sites\/2\/2024\/11\/ray-cooper-ontheroad-03-1022x1536.jpg 1022w\" sizes=\"auto, (max-width: 1065px) 100vw, 1065px\" \/><div class=\"wp-block-cover__inner-container is-layout-flow wp-block-cover-is-layout-flow\">\n<p class=\"has-text-align-center has-large-font-size\"><\/p>\n<\/div><\/div>\n<\/div>\n\n\n\n<div class=\"wp-block-column is-layout-flow wp-block-column-is-layout-flow\" style=\"padding-bottom:0px;flex-basis:33%\">\n<div class=\"wp-block-cover has-custom-content-position is-position-bottom-center\"><span aria-hidden=\"true\" class=\"wp-block-cover__background has-background-dim-0 has-background-dim\" style=\"background-color:#282920\"><\/span><img loading=\"lazy\" decoding=\"async\" width=\"1064\" height=\"1600\" class=\"wp-block-cover__image-background wp-image-2559\" alt=\"Ray Cooper - unscharf auf der Stra\u00dfe mit gr\u00fcner Fu\u00dfg\u00e4nger Ampel\" src=\"https:\/\/www.kemai.de\/de\/wp-content\/uploads\/sites\/2\/2024\/11\/ray-cooper-ontheroad-02.jpg\" style=\"object-position:52% 93%\" data-object-fit=\"cover\" data-object-position=\"52% 93%\" srcset=\"https:\/\/www.kemai.de\/de\/wp-content\/uploads\/sites\/2\/2024\/11\/ray-cooper-ontheroad-02.jpg 1064w, https:\/\/www.kemai.de\/de\/wp-content\/uploads\/sites\/2\/2024\/11\/ray-cooper-ontheroad-02-532x800.jpg 532w, https:\/\/www.kemai.de\/de\/wp-content\/uploads\/sites\/2\/2024\/11\/ray-cooper-ontheroad-02-266x400.jpg 266w, https:\/\/www.kemai.de\/de\/wp-content\/uploads\/sites\/2\/2024\/11\/ray-cooper-ontheroad-02-768x1155.jpg 768w, https:\/\/www.kemai.de\/de\/wp-content\/uploads\/sites\/2\/2024\/11\/ray-cooper-ontheroad-02-1021x1536.jpg 1021w\" sizes=\"auto, (max-width: 1064px) 100vw, 1064px\" \/><div class=\"wp-block-cover__inner-container is-layout-flow wp-block-cover-is-layout-flow\">\n<p class=\"has-text-align-center has-large-font-size\"><\/p>\n<\/div><\/div>\n<\/div>\n<\/div>\n\n\n\n<div style=\"height:1px\" aria-hidden=\"true\" class=\"wp-block-spacer\"><\/div>\n\n\n\n<figure class=\"wp-block-image size-full\"><img loading=\"lazy\" decoding=\"async\" width=\"1600\" height=\"1065\" src=\"https:\/\/www.kemai.de\/de\/wp-content\/uploads\/sites\/2\/2024\/11\/ray-cooper-ontheroad-04.jpg\" alt=\"Nasse Stra\u00dfe und Beine mit Bewegungsunsch\u00e4rfe\" class=\"wp-image-2561\" srcset=\"https:\/\/www.kemai.de\/de\/wp-content\/uploads\/sites\/2\/2024\/11\/ray-cooper-ontheroad-04.jpg 1600w, https:\/\/www.kemai.de\/de\/wp-content\/uploads\/sites\/2\/2024\/11\/ray-cooper-ontheroad-04-800x533.jpg 800w, https:\/\/www.kemai.de\/de\/wp-content\/uploads\/sites\/2\/2024\/11\/ray-cooper-ontheroad-04-400x266.jpg 400w, https:\/\/www.kemai.de\/de\/wp-content\/uploads\/sites\/2\/2024\/11\/ray-cooper-ontheroad-04-768x511.jpg 768w, https:\/\/www.kemai.de\/de\/wp-content\/uploads\/sites\/2\/2024\/11\/ray-cooper-ontheroad-04-1536x1022.jpg 1536w\" sizes=\"auto, (max-width: 1600px) 100vw, 1600px\" \/><\/figure>\n\n\n\n<div style=\"height:1px\" aria-hidden=\"true\" class=\"wp-block-spacer\"><\/div>\n\n\n\n<div class=\"wp-block-columns kgal is-layout-flex wp-container-core-columns-is-layout-394984f2 wp-block-columns-is-layout-flex\" style=\"margin-top:0px;margin-bottom:0px;padding-top:0;padding-right:0;padding-bottom:0;padding-left:0\">\n<div class=\"wp-block-column is-layout-flow wp-block-column-is-layout-flow\" style=\"padding-bottom:0px;flex-basis:65%\">\n<div class=\"wp-block-cover\"><span aria-hidden=\"true\" class=\"wp-block-cover__background has-background-dim-0 has-background-dim\" style=\"background-color:#654e3d\"><\/span><img loading=\"lazy\" decoding=\"async\" width=\"1600\" height=\"1065\" class=\"wp-block-cover__image-background wp-image-2563\" alt=\"Ray Cooper unterwegs auf der Stra\u00dfe im Regen mit Lichtern von Autos\" src=\"https:\/\/www.kemai.de\/de\/wp-content\/uploads\/sites\/2\/2024\/11\/ray-cooper-ontheroad-06.jpg\" data-object-fit=\"cover\" srcset=\"https:\/\/www.kemai.de\/de\/wp-content\/uploads\/sites\/2\/2024\/11\/ray-cooper-ontheroad-06.jpg 1600w, https:\/\/www.kemai.de\/de\/wp-content\/uploads\/sites\/2\/2024\/11\/ray-cooper-ontheroad-06-800x533.jpg 800w, https:\/\/www.kemai.de\/de\/wp-content\/uploads\/sites\/2\/2024\/11\/ray-cooper-ontheroad-06-400x266.jpg 400w, https:\/\/www.kemai.de\/de\/wp-content\/uploads\/sites\/2\/2024\/11\/ray-cooper-ontheroad-06-768x511.jpg 768w, https:\/\/www.kemai.de\/de\/wp-content\/uploads\/sites\/2\/2024\/11\/ray-cooper-ontheroad-06-1536x1022.jpg 1536w\" sizes=\"auto, (max-width: 1600px) 100vw, 1600px\" \/><div class=\"wp-block-cover__inner-container is-layout-flow wp-block-cover-is-layout-flow\">\n<p class=\"has-text-align-center has-large-font-size\"><\/p>\n<\/div><\/div>\n<\/div>\n\n\n\n<div class=\"wp-block-column is-layout-flow wp-block-column-is-layout-flow\" style=\"padding-bottom:0rem;flex-basis:35%\">\n<div class=\"wp-block-cover\" style=\"min-height:430px;aspect-ratio:unset;\"><span aria-hidden=\"true\" class=\"wp-block-cover__background has-background-dim-0 has-background-dim\" style=\"background-color:#3e2115\"><\/span><img loading=\"lazy\" decoding=\"async\" width=\"1065\" height=\"1600\" class=\"wp-block-cover__image-background wp-image-2564\" alt=\"Ray mit einer Hand am Kopf von hinten\" src=\"https:\/\/www.kemai.de\/de\/wp-content\/uploads\/sites\/2\/2024\/11\/ray-cooper-ontheroad-07.jpg\" data-object-fit=\"cover\" srcset=\"https:\/\/www.kemai.de\/de\/wp-content\/uploads\/sites\/2\/2024\/11\/ray-cooper-ontheroad-07.jpg 1065w, https:\/\/www.kemai.de\/de\/wp-content\/uploads\/sites\/2\/2024\/11\/ray-cooper-ontheroad-07-533x800.jpg 533w, https:\/\/www.kemai.de\/de\/wp-content\/uploads\/sites\/2\/2024\/11\/ray-cooper-ontheroad-07-266x400.jpg 266w, https:\/\/www.kemai.de\/de\/wp-content\/uploads\/sites\/2\/2024\/11\/ray-cooper-ontheroad-07-768x1154.jpg 768w, https:\/\/www.kemai.de\/de\/wp-content\/uploads\/sites\/2\/2024\/11\/ray-cooper-ontheroad-07-1022x1536.jpg 1022w\" sizes=\"auto, (max-width: 1065px) 100vw, 1065px\" \/><div class=\"wp-block-cover__inner-container is-layout-flow wp-block-cover-is-layout-flow\">\n<p class=\"has-text-align-center has-large-font-size\"><\/p>\n<\/div><\/div>\n<\/div>\n<\/div>\n\n\n\n<div style=\"height:1px\" aria-hidden=\"true\" class=\"wp-block-spacer\"><\/div>\n\n\n\n<div class=\"wp-block-columns kgal is-layout-flex wp-container-core-columns-is-layout-394984f2 wp-block-columns-is-layout-flex\" style=\"margin-top:0px;margin-bottom:0px;padding-top:0;padding-right:0;padding-bottom:0;padding-left:0\">\n<div class=\"wp-block-column is-layout-flow wp-block-column-is-layout-flow\" style=\"padding-bottom:0px;flex-basis:50%\">\n<div class=\"wp-block-cover\"><span aria-hidden=\"true\" class=\"wp-block-cover__background has-background-dim-0 has-background-dim\" style=\"background-color:#8e754f\"><\/span><img loading=\"lazy\" decoding=\"async\" width=\"1065\" height=\"1600\" class=\"wp-block-cover__image-background wp-image-2562\" alt=\"Ray Cooper macht eine Zigarre fertig\" src=\"https:\/\/www.kemai.de\/de\/wp-content\/uploads\/sites\/2\/2024\/11\/ray-cooper-ontheroad-05.jpg\" style=\"object-position:54% 45%\" data-object-fit=\"cover\" data-object-position=\"54% 45%\" srcset=\"https:\/\/www.kemai.de\/de\/wp-content\/uploads\/sites\/2\/2024\/11\/ray-cooper-ontheroad-05.jpg 1065w, https:\/\/www.kemai.de\/de\/wp-content\/uploads\/sites\/2\/2024\/11\/ray-cooper-ontheroad-05-533x800.jpg 533w, https:\/\/www.kemai.de\/de\/wp-content\/uploads\/sites\/2\/2024\/11\/ray-cooper-ontheroad-05-266x400.jpg 266w, https:\/\/www.kemai.de\/de\/wp-content\/uploads\/sites\/2\/2024\/11\/ray-cooper-ontheroad-05-768x1154.jpg 768w, https:\/\/www.kemai.de\/de\/wp-content\/uploads\/sites\/2\/2024\/11\/ray-cooper-ontheroad-05-1022x1536.jpg 1022w\" sizes=\"auto, (max-width: 1065px) 100vw, 1065px\" \/><div class=\"wp-block-cover__inner-container is-layout-flow wp-block-cover-is-layout-flow\">\n<p class=\"has-text-align-center has-large-font-size\"><\/p>\n<\/div><\/div>\n<\/div>\n\n\n\n<div class=\"wp-block-column is-layout-flow wp-block-column-is-layout-flow\" style=\"padding-bottom:1rem;flex-basis:50%\">\n<div class=\"wp-block-cover\" style=\"min-height:430px;aspect-ratio:unset;\"><span aria-hidden=\"true\" class=\"wp-block-cover__background has-background-dim-0 has-background-dim\" style=\"background-color:#5a392d\"><\/span><img loading=\"lazy\" decoding=\"async\" width=\"1064\" height=\"1600\" class=\"wp-block-cover__image-background wp-image-2567\" alt=\"Ray Cooper z\u00fcndet eine Zigarre an - unscharf, Open Schild eines Ladens ist scharf\" src=\"https:\/\/www.kemai.de\/de\/wp-content\/uploads\/sites\/2\/2024\/11\/ray-cooper-ontheroad-10.jpg\" style=\"object-position:40% 45%\" data-object-fit=\"cover\" data-object-position=\"40% 45%\" srcset=\"https:\/\/www.kemai.de\/de\/wp-content\/uploads\/sites\/2\/2024\/11\/ray-cooper-ontheroad-10.jpg 1064w, https:\/\/www.kemai.de\/de\/wp-content\/uploads\/sites\/2\/2024\/11\/ray-cooper-ontheroad-10-532x800.jpg 532w, https:\/\/www.kemai.de\/de\/wp-content\/uploads\/sites\/2\/2024\/11\/ray-cooper-ontheroad-10-266x400.jpg 266w, https:\/\/www.kemai.de\/de\/wp-content\/uploads\/sites\/2\/2024\/11\/ray-cooper-ontheroad-10-768x1155.jpg 768w, https:\/\/www.kemai.de\/de\/wp-content\/uploads\/sites\/2\/2024\/11\/ray-cooper-ontheroad-10-1021x1536.jpg 1021w\" sizes=\"auto, (max-width: 1064px) 100vw, 1064px\" \/><div class=\"wp-block-cover__inner-container is-layout-flow wp-block-cover-is-layout-flow\">\n<p class=\"has-text-align-center has-large-font-size\"><\/p>\n<\/div><\/div>\n<\/div>\n<\/div>\n\n\n\n<figure class=\"wp-block-image size-full\"><img loading=\"lazy\" decoding=\"async\" width=\"1600\" height=\"1065\" src=\"https:\/\/www.kemai.de\/de\/wp-content\/uploads\/sites\/2\/2024\/11\/ray-cooper-ontheroad-08.jpg\" alt=\"Ray Cooper z\u00fcndet eine Zigarre an\" class=\"wp-image-2565\" srcset=\"https:\/\/www.kemai.de\/de\/wp-content\/uploads\/sites\/2\/2024\/11\/ray-cooper-ontheroad-08.jpg 1600w, https:\/\/www.kemai.de\/de\/wp-content\/uploads\/sites\/2\/2024\/11\/ray-cooper-ontheroad-08-800x533.jpg 800w, https:\/\/www.kemai.de\/de\/wp-content\/uploads\/sites\/2\/2024\/11\/ray-cooper-ontheroad-08-400x266.jpg 400w, https:\/\/www.kemai.de\/de\/wp-content\/uploads\/sites\/2\/2024\/11\/ray-cooper-ontheroad-08-768x511.jpg 768w, https:\/\/www.kemai.de\/de\/wp-content\/uploads\/sites\/2\/2024\/11\/ray-cooper-ontheroad-08-1536x1022.jpg 1536w\" sizes=\"auto, (max-width: 1600px) 100vw, 1600px\" \/><\/figure>\n\n\n\n<div style=\"height:1px\" aria-hidden=\"true\" class=\"wp-block-spacer\"><\/div>\n\n\n\n<div class=\"wp-block-columns kgal is-layout-flex wp-container-core-columns-is-layout-394984f2 wp-block-columns-is-layout-flex\" style=\"margin-top:0px;margin-bottom:0px;padding-top:0;padding-right:0;padding-bottom:0;padding-left:0\">\n<div class=\"wp-block-column is-layout-flow wp-block-column-is-layout-flow\" style=\"padding-bottom:0rem;flex-basis:50%\">\n<div class=\"wp-block-cover\" style=\"min-height:430px;aspect-ratio:unset;\"><span aria-hidden=\"true\" class=\"wp-block-cover__background has-background-dim-0 has-background-dim\" style=\"background-color:#654d40\"><\/span><img loading=\"lazy\" decoding=\"async\" width=\"1064\" height=\"1600\" class=\"wp-block-cover__image-background wp-image-2568\" alt=\"Ray Cooper raucht eine Zigarre und schaut in die Kamera\" src=\"https:\/\/www.kemai.de\/de\/wp-content\/uploads\/sites\/2\/2024\/11\/ray-cooper-ontheroad-11.jpg\" data-object-fit=\"cover\" srcset=\"https:\/\/www.kemai.de\/de\/wp-content\/uploads\/sites\/2\/2024\/11\/ray-cooper-ontheroad-11.jpg 1064w, https:\/\/www.kemai.de\/de\/wp-content\/uploads\/sites\/2\/2024\/11\/ray-cooper-ontheroad-11-532x800.jpg 532w, https:\/\/www.kemai.de\/de\/wp-content\/uploads\/sites\/2\/2024\/11\/ray-cooper-ontheroad-11-266x400.jpg 266w, https:\/\/www.kemai.de\/de\/wp-content\/uploads\/sites\/2\/2024\/11\/ray-cooper-ontheroad-11-768x1155.jpg 768w, https:\/\/www.kemai.de\/de\/wp-content\/uploads\/sites\/2\/2024\/11\/ray-cooper-ontheroad-11-1021x1536.jpg 1021w\" sizes=\"auto, (max-width: 1064px) 100vw, 1064px\" \/><div class=\"wp-block-cover__inner-container is-layout-flow wp-block-cover-is-layout-flow\">\n<p class=\"has-text-align-center has-large-font-size\"><\/p>\n<\/div><\/div>\n<\/div>\n\n\n\n<div class=\"wp-block-column is-layout-flow wp-block-column-is-layout-flow\" style=\"padding-bottom:0px;flex-basis:50%\">\n<div class=\"wp-block-cover\"><span aria-hidden=\"true\" class=\"wp-block-cover__background has-background-dim-0 has-background-dim\" style=\"background-color:#594338\"><\/span><img loading=\"lazy\" decoding=\"async\" width=\"1064\" height=\"1600\" class=\"wp-block-cover__image-background wp-image-2569\" alt=\"Ray Cooper mit Zigarrenrauch, er schaut in die Kamera\" src=\"https:\/\/www.kemai.de\/de\/wp-content\/uploads\/sites\/2\/2024\/11\/ray-cooper-ontheroad-12.jpg\" data-object-fit=\"cover\" srcset=\"https:\/\/www.kemai.de\/de\/wp-content\/uploads\/sites\/2\/2024\/11\/ray-cooper-ontheroad-12.jpg 1064w, https:\/\/www.kemai.de\/de\/wp-content\/uploads\/sites\/2\/2024\/11\/ray-cooper-ontheroad-12-532x800.jpg 532w, https:\/\/www.kemai.de\/de\/wp-content\/uploads\/sites\/2\/2024\/11\/ray-cooper-ontheroad-12-266x400.jpg 266w, https:\/\/www.kemai.de\/de\/wp-content\/uploads\/sites\/2\/2024\/11\/ray-cooper-ontheroad-12-768x1155.jpg 768w, https:\/\/www.kemai.de\/de\/wp-content\/uploads\/sites\/2\/2024\/11\/ray-cooper-ontheroad-12-1021x1536.jpg 1021w\" sizes=\"auto, (max-width: 1064px) 100vw, 1064px\" \/><div class=\"wp-block-cover__inner-container is-layout-flow wp-block-cover-is-layout-flow\">\n<p class=\"has-text-align-center has-large-font-size\"><\/p>\n<\/div><\/div>\n<\/div>\n<\/div>\n\n\n\n<div style=\"height:1px\" aria-hidden=\"true\" class=\"wp-block-spacer\"><\/div>\n\n\n\n<div class=\"wp-block-columns kgal is-layout-flex wp-container-core-columns-is-layout-394984f2 wp-block-columns-is-layout-flex\" style=\"margin-top:0px;margin-bottom:0px;padding-top:0;padding-right:0;padding-bottom:0;padding-left:0\">\n<div class=\"wp-block-column is-layout-flow wp-block-column-is-layout-flow\" style=\"padding-bottom:0rem;flex-basis:33.34%\">\n<div class=\"wp-block-cover\"><span aria-hidden=\"true\" class=\"wp-block-cover__background has-background-dim-0 has-background-dim\" style=\"background-color:#3c3430\"><\/span><img loading=\"lazy\" decoding=\"async\" width=\"1065\" height=\"1600\" class=\"wp-block-cover__image-background wp-image-2570\" alt=\"Ray betritt sein Hotel\" src=\"https:\/\/www.kemai.de\/de\/wp-content\/uploads\/sites\/2\/2024\/11\/ray-cooper-ontheroad-13.jpg\" data-object-fit=\"cover\" srcset=\"https:\/\/www.kemai.de\/de\/wp-content\/uploads\/sites\/2\/2024\/11\/ray-cooper-ontheroad-13.jpg 1065w, https:\/\/www.kemai.de\/de\/wp-content\/uploads\/sites\/2\/2024\/11\/ray-cooper-ontheroad-13-533x800.jpg 533w, https:\/\/www.kemai.de\/de\/wp-content\/uploads\/sites\/2\/2024\/11\/ray-cooper-ontheroad-13-266x400.jpg 266w, https:\/\/www.kemai.de\/de\/wp-content\/uploads\/sites\/2\/2024\/11\/ray-cooper-ontheroad-13-768x1154.jpg 768w, https:\/\/www.kemai.de\/de\/wp-content\/uploads\/sites\/2\/2024\/11\/ray-cooper-ontheroad-13-1022x1536.jpg 1022w\" sizes=\"auto, (max-width: 1065px) 100vw, 1065px\" \/><div class=\"wp-block-cover__inner-container is-layout-flow wp-block-cover-is-layout-flow\">\n<p class=\"has-text-align-center has-large-font-size\"><\/p>\n<\/div><\/div>\n<\/div>\n\n\n\n<div class=\"wp-block-column is-layout-flow wp-block-column-is-layout-flow\" style=\"flex-basis:33.34%\">\n<div class=\"wp-block-cover\"><span aria-hidden=\"true\" class=\"wp-block-cover__background has-background-dim-0 has-background-dim\" style=\"background-color:#472e20\"><\/span><img loading=\"lazy\" decoding=\"async\" width=\"1064\" height=\"1600\" class=\"wp-block-cover__image-background wp-image-2571\" alt=\"Portrait von Ray, er schaut in die Kamera\" src=\"https:\/\/www.kemai.de\/de\/wp-content\/uploads\/sites\/2\/2024\/11\/ray-cooper-ontheroad-14.jpg\" data-object-fit=\"cover\" srcset=\"https:\/\/www.kemai.de\/de\/wp-content\/uploads\/sites\/2\/2024\/11\/ray-cooper-ontheroad-14.jpg 1064w, https:\/\/www.kemai.de\/de\/wp-content\/uploads\/sites\/2\/2024\/11\/ray-cooper-ontheroad-14-532x800.jpg 532w, https:\/\/www.kemai.de\/de\/wp-content\/uploads\/sites\/2\/2024\/11\/ray-cooper-ontheroad-14-266x400.jpg 266w, https:\/\/www.kemai.de\/de\/wp-content\/uploads\/sites\/2\/2024\/11\/ray-cooper-ontheroad-14-768x1155.jpg 768w, https:\/\/www.kemai.de\/de\/wp-content\/uploads\/sites\/2\/2024\/11\/ray-cooper-ontheroad-14-1021x1536.jpg 1021w\" sizes=\"auto, (max-width: 1064px) 100vw, 1064px\" \/><div class=\"wp-block-cover__inner-container is-layout-flow wp-block-cover-is-layout-flow\">\n<p class=\"has-text-align-center has-large-font-size\"><\/p>\n<\/div><\/div>\n<\/div>\n\n\n\n<div class=\"wp-block-column is-layout-flow wp-block-column-is-layout-flow\" style=\"flex-basis:33.33%\">\n<div class=\"wp-block-cover\"><span aria-hidden=\"true\" class=\"wp-block-cover__background has-background-dim-0 has-background-dim\" style=\"background-color:#382b1c\"><\/span><img loading=\"lazy\" decoding=\"async\" width=\"1065\" height=\"1600\" class=\"wp-block-cover__image-background wp-image-2572\" alt=\"Unscharfe Stra\u00dfenlichter\" src=\"https:\/\/www.kemai.de\/de\/wp-content\/uploads\/sites\/2\/2024\/11\/ray-cooper-ontheroad-15.jpg\" data-object-fit=\"cover\" srcset=\"https:\/\/www.kemai.de\/de\/wp-content\/uploads\/sites\/2\/2024\/11\/ray-cooper-ontheroad-15.jpg 1065w, https:\/\/www.kemai.de\/de\/wp-content\/uploads\/sites\/2\/2024\/11\/ray-cooper-ontheroad-15-533x800.jpg 533w, https:\/\/www.kemai.de\/de\/wp-content\/uploads\/sites\/2\/2024\/11\/ray-cooper-ontheroad-15-266x400.jpg 266w, https:\/\/www.kemai.de\/de\/wp-content\/uploads\/sites\/2\/2024\/11\/ray-cooper-ontheroad-15-768x1154.jpg 768w, https:\/\/www.kemai.de\/de\/wp-content\/uploads\/sites\/2\/2024\/11\/ray-cooper-ontheroad-15-1022x1536.jpg 1022w\" sizes=\"auto, (max-width: 1065px) 100vw, 1065px\" \/><div class=\"wp-block-cover__inner-container is-layout-flow wp-block-cover-is-layout-flow\">\n<p class=\"has-text-align-center has-large-font-size\"><\/p>\n<\/div><\/div>\n<\/div>\n<\/div>\n\n\n\n<p><\/p>\n","protected":false},"excerpt":{"rendered":"<p>\u00dcber die Jahre durfte ich den Musiker Ray Cooper immer wieder fotografisch begleiten und Aufnahmen f\u00fcr ihn und seine Alben machen. Hier trafen wir uns direkt nach einem Gig auf den verregneten Stra\u00dfen von R\u00fcsselsheim und liefen einfach herum. Die Ergebnisse begeistern mich bis heute. Manchmal muss man einfach nur machen und schauen was dabei [&hellip;]<\/p>\n","protected":false},"author":1,"featured_media":2566,"parent":1178,"menu_order":0,"comment_status":"closed","ping_status":"closed","template":"wp-custom-template-seite-galerie","meta":{"footnotes":""},"categories":[50],"tags":[56],"class_list":["post-2557","page","type-page","status-publish","has-post-thumbnail","hentry","category-kuenstler","tag-foto"],"_links":{"self":[{"href":"https:\/\/www.kemai.de\/de\/wp-json\/wp\/v2\/pages\/2557","targetHints":{"allow":["GET"]}}],"collection":[{"href":"https:\/\/www.kemai.de\/de\/wp-json\/wp\/v2\/pages"}],"about":[{"href":"https:\/\/www.kemai.de\/de\/wp-json\/wp\/v2\/types\/page"}],"author":[{"embeddable":true,"href":"https:\/\/www.kemai.de\/de\/wp-json\/wp\/v2\/users\/1"}],"replies":[{"embeddable":true,"href":"https:\/\/www.kemai.de\/de\/wp-json\/wp\/v2\/comments?post=2557"}],"version-history":[{"count":15,"href":"https:\/\/www.kemai.de\/de\/wp-json\/wp\/v2\/pages\/2557\/revisions"}],"predecessor-version":[{"id":2587,"href":"https:\/\/www.kemai.de\/de\/wp-json\/wp\/v2\/pages\/2557\/revisions\/2587"}],"up":[{"embeddable":true,"href":"https:\/\/www.kemai.de\/de\/wp-json\/wp\/v2\/pages\/1178"}],"wp:featuredmedia":[{"embeddable":true,"href":"https:\/\/www.kemai.de\/de\/wp-json\/wp\/v2\/media\/2566"}],"wp:attachment":[{"href":"https:\/\/www.kemai.de\/de\/wp-json\/wp\/v2\/media?parent=2557"}],"wp:term":[{"taxonomy":"category","embeddable":true,"href":"https:\/\/www.kemai.de\/de\/wp-json\/wp\/v2\/categories?post=2557"},{"taxonomy":"post_tag","embeddable":true,"href":"https:\/\/www.kemai.de\/de\/wp-json\/wp\/v2\/tags?post=2557"}],"curies":[{"name":"wp","href":"https:\/\/api.w.org\/{rel}","templated":true}]}}